{"id":3,"date":"2023-10-25T16:40:51","date_gmt":"2023-10-25T16:40:51","guid":{"rendered":"https:\/\/agridata.ase.ro\/home\/agridata\/public_html\/?page_id=3"},"modified":"2023-11-13T19:53:50","modified_gmt":"2023-11-13T19:53:50","slug":"privacy-policy","status":"publish","type":"page","link":"https:\/\/agridata.ase.ro\/?page_id=3","title":{"rendered":"Politica de confiden\u021bialitate"},"content":{"rendered":"\n<h4 class=\"wp-block-heading\">Cine suntem<\/h4>\n\n\n\n<p>Adresa noastr\u0103 website este: https:\/\/agridata.ase.ro\/home\/agridata\/public_html.<\/p>\n\n\n\n<p>Cookies<\/p>\n\n\n\n<p>Dac\u0103 l\u0103sa\u021bi un comentariu pe site-ul nostru, pute\u021bi opta pentru salvarea numelui, a adresei de e-mail \u0219i a site-ului web \u00een cookie-uri. Acestea sunt pentru confortul dvs., astfel \u00eenc\u00e2t s\u0103 nu fie nevoie s\u0103 v\u0103 completa\u021bi din nou datele atunci c\u00e2nd l\u0103sa\u021bi un alt comentariu. Aceste cookie-uri vor dura un an.<\/p>\n\n\n\n<p>Dac\u0103 vizita\u021bi pagina noastr\u0103 de conectare, vom seta un cookie temporar pentru a determina dac\u0103 browserul dvs. accept\u0103 cookie-uri. Acest cookie nu con\u021bine date personale \u0219i este eliminat atunci c\u00e2nd \u00eenchide\u021bi browserul.<\/p>\n","protected":false},"excerpt":{"rendered":"<p>Cine suntem Adresa noastr\u0103 website este: https:\/\/agridata.ase.ro\/home\/agridata\/public_html. Cookies Dac\u0103 l\u0103sa\u021bi un comentariu pe site-ul nostru, pute\u021bi opta pentru salvarea numelui, a adresei de e-mail \u0219i a site-ului web \u00een cookie-uri. Acestea sunt pentru confortul dvs., astfel \u00eenc\u00e2t s\u0103 nu fie nevoie s\u0103 v\u0103 completa\u021bi din nou datele atunci c\u00e2nd l\u0103sa\u021bi un alt comentariu. Aceste cookie-uri &hellip; <\/p>\n<p class=\"link-more\"><a href=\"https:\/\/agridata.ase.ro\/?page_id=3\" class=\"more-link\">Continue reading<span class=\"screen-reader-text\"> &#8220;Politica de confiden\u021bialitate&#8221;<\/span><\/a><\/p>\n","protected":false},"author":1,"featured_media":0,"parent":0,"menu_order":0,"comment_status":"closed","ping_status":"open","template":"","meta":{"footnotes":""},"class_list":["post-3","page","type-page","status-publish","hentry"],"_links":{"self":[{"href":"https:\/\/agridata.ase.ro\/index.php?rest_route=\/wp\/v2\/pages\/3","targetHints":{"allow":["GET"]}}],"collection":[{"href":"https:\/\/agridata.ase.ro\/index.php?rest_route=\/wp\/v2\/pages"}],"about":[{"href":"https:\/\/agridata.ase.ro\/index.php?rest_route=\/wp\/v2\/types\/page"}],"author":[{"embeddable":true,"href":"https:\/\/agridata.ase.ro\/index.php?rest_route=\/wp\/v2\/users\/1"}],"replies":[{"embeddable":true,"href":"https:\/\/agridata.ase.ro\/index.php?rest_route=%2Fwp%2Fv2%2Fcomments&post=3"}],"version-history":[{"count":4,"href":"https:\/\/agridata.ase.ro\/index.php?rest_route=\/wp\/v2\/pages\/3\/revisions"}],"predecessor-version":[{"id":162,"href":"https:\/\/agridata.ase.ro\/index.php?rest_route=\/wp\/v2\/pages\/3\/revisions\/162"}],"wp:attachment":[{"href":"https:\/\/agridata.ase.ro\/index.php?rest_route=%2Fwp%2Fv2%2Fmedia&parent=3"}],"curies":[{"name":"wp","href":"https:\/\/api.w.org\/{rel}","templated":true}]}}