{"id":22,"date":"2023-10-27T15:30:23","date_gmt":"2023-10-27T15:30:23","guid":{"rendered":"https:\/\/agridata.ase.ro\/?page_id=22"},"modified":"2025-02-04T09:05:41","modified_gmt":"2025-02-04T09:05:41","slug":"echipa","status":"publish","type":"page","link":"https:\/\/agridata.ase.ro\/?page_id=22","title":{"rendered":"Echipa"},"content":{"rendered":"\n<p><strong>CONSILIUL \u0218TIIN\u021aIFIC<\/strong><\/p>\n\n\n\n<ol style=\"list-style-type:1\" class=\"wp-block-list\">\n<li>Conf. Univ. Dr. <strong>Dinu <\/strong>Mihai \u2013 <strong>director<\/strong><\/li>\n\n\n\n<li>Conf. Univ. Dr. <strong>P\u0103t\u0103rl\u0103geanu <\/strong>Simona-Roxana \u2013 <strong>director adjunct<\/strong><\/li>\n\n\n\n<li>Asist. Univ. Dr. <strong>Constantin <\/strong>Marius \u2013 <strong>secretar \u0219tiin\u021bific<\/strong><\/li>\n\n\n\n<li>Prof. Univ. Dr. <strong>Ignat <\/strong>Raluca &#8211; membru<\/li>\n\n\n\n<li>Prof. Univ. Dr. <strong>Istudor <\/strong>Nicolae \u2013 membru<\/li>\n\n\n\n<li>Prof. Univ. Dr. <strong>L\u0103daru<\/strong> Raluca-Georgiana\u2013 membru<\/li>\n\n\n\n<li>Prof. Univ. Dr. <strong>Manole <\/strong>Victor &#8211; membru<\/li>\n\n\n\n<li>Prof. Univ. Dr. <strong>Popescu <\/strong>Gabriel &#8211; membru<\/li>\n\n\n\n<li>Prof. Univ. Dr. <strong>Stoian <\/strong>Mirela \u2013 membru<\/li>\n\n\n\n<li>Prof. Univ. Dr. <strong>Stratan <\/strong>Alexandru \u2013 membru<\/li>\n\n\n\n<li>Cercet\u0103tor \u0218tiin\u021bific Dr. <strong>Subic <\/strong>Jonel &#8211; membru<\/li>\n<\/ol>\n\n\n\n<p><\/p>\n\n\n\n<p><br><\/p>\n\n\n\n<p><strong>MEMBRI<\/strong><\/p>\n\n\n\n<ul class=\"wp-block-list\">\n<li>Prof. univ. dr. <strong>Andrei <\/strong>Jean-Vasile<\/li>\n\n\n\n<li>Prof. univ. dr. <strong>Apetrei <\/strong>Andreea<\/li>\n\n\n\n<li>Prof. univ. dr. <strong>Diaconi\u021b\u0103 <\/strong>Vlad<\/li>\n\n\n\n<li>Prof. univ. dr. <strong>Dominteanu <\/strong>Teodora<\/li>\n\n\n\n<li>Prof. univ. dr. <strong>Dr\u0103cea <\/strong>Raluca Mihaela<\/li>\n\n\n\n<li>Prof. univ. dr. <strong>Ignat <\/strong>Raluca<\/li>\n\n\n\n<li>Prof. univ. dr. <strong>Ion <\/strong>Raluca Andreea<\/li>\n\n\n\n<li>Prof. univ. dr. <strong>Istudor <\/strong>Nicolae<\/li>\n\n\n\n<li>Prof. univ. dr. <strong>L\u0103daru <\/strong>Georgiana Raluca<\/li>\n\n\n\n<li>Prof. univ. dr. <strong>Manole <\/strong>Victor<\/li>\n\n\n\n<li>Prof. univ. dr. <strong>Petrescu <\/strong>Irina Elena<\/li>\n\n\n\n<li>Prof. univ. dr. <strong>Popescu <\/strong>Gabriel<\/li>\n\n\n\n<li>Prof. univ. dr. <strong>R\u0103dulescu <\/strong>Carmen Valentina<\/li>\n\n\n\n<li>Prof. univ. dr. <strong>Sacal\u0103 <\/strong>Mihail-Dumitru<\/li>\n\n\n\n<li>Prof. univ. dr. <strong>Sapena <\/strong>Juan<\/li>\n\n\n\n<li>Prof. univ. dr. <strong>Stoian <\/strong>Mirela<\/li>\n\n\n\n<li>Prof. univ. dr. <strong>Stratan <\/strong>Alexandru<\/li>\n\n\n\n<li>Prof. univ. dr. <strong>Tric\u0103 <\/strong>Carmen Lenu\u021ba<\/li>\n\n\n\n<li>Cercet\u0103tor \u0218tiin\u021bific Dr. <strong>Subic <\/strong>Jonel<\/li>\n\n\n\n<li>Cercet\u0103tor \u0218tiin\u021bific dr. <strong>Jelocnik<\/strong> Marko <\/li>\n\n\n\n<li>Conf. univ. dr. <strong>Baltag <\/strong>Grigore<\/li>\n\n\n\n<li>Conf. univ. dr. <strong>Constantin <\/strong>Florentina<\/li>\n\n\n\n<li>Conf. univ. dr. <strong>Dinu <\/strong>Mihai<\/li>\n\n\n\n<li>Conf. univ. dr. <strong>P\u0103t\u0103rl\u0103geanu <\/strong>Simona Roxana<\/li>\n\n\n\n<li>Conf. univ. dr. <strong>Teodor <\/strong>Cristian<\/li>\n\n\n\n<li>Lect. univ. dr. <strong>Antohe <\/strong>Radu Gheorghe<\/li>\n\n\n\n<li>Lect. univ. dr. <strong>Ciobanu <\/strong>Laura<\/li>\n\n\n\n<li>Lect. univ. dr. <strong>Marica <\/strong>Mihaela Emilia<\/li>\n\n\n\n<li>Lect. univ. dr. <strong>Preda <\/strong>Elena<\/li>\n\n\n\n<li>Lect. univ. dr. <strong>Pi\u0219talu <\/strong>Maria<\/li>\n\n\n\n<li>Lect. univ. dr. <strong>R\u00ee\u0219noveanu <\/strong>Luxi\u021ba<\/li>\n\n\n\n<li>Lect. univ. dr. <strong>Zaharia <\/strong>Alina<\/li>\n\n\n\n<li>Asist. univ. dr. <strong>Chiripuci <\/strong>Bogdan<\/li>\n\n\n\n<li>Asist. univ. dr. <strong>Constantin <\/strong>Marius<\/li>\n\n\n\n<li>Asist. univ. dr. <strong>Diaconeasa <\/strong>Maria Claudia<\/li>\n\n\n\n<li>Asist. univ. dr. <strong>Petre <\/strong>Ionu\u021b Lauren\u021biu<\/li>\n\n\n\n<li>Dr. <strong>Lazar<\/strong> Valentin <\/li>\n\n\n\n<li>Asistent de cercetare drd. <strong>Deaconu <\/strong>M\u0103d\u0103lina-Elena<\/li>\n\n\n\n<li>Asistent de cercetare drd. <strong>Nimerenco <\/strong>Ina<\/li>\n\n\n\n<li>Asistent de cercetare dr. <strong>Soare <\/strong>Bianca Eugenia<\/li>\n<\/ul>\n","protected":false},"excerpt":{"rendered":"<p>CONSILIUL \u0218TIIN\u021aIFIC MEMBRI<\/p>\n","protected":false},"author":1,"featured_media":0,"parent":0,"menu_order":0,"comment_status":"closed","ping_status":"closed","template":"","meta":{"footnotes":""},"class_list":["post-22","page","type-page","status-publish","hentry"],"_links":{"self":[{"href":"https:\/\/agridata.ase.ro\/index.php?rest_route=\/wp\/v2\/pages\/22","targetHints":{"allow":["GET"]}}],"collection":[{"href":"https:\/\/agridata.ase.ro\/index.php?rest_route=\/wp\/v2\/pages"}],"about":[{"href":"https:\/\/agridata.ase.ro\/index.php?rest_route=\/wp\/v2\/types\/page"}],"author":[{"embeddable":true,"href":"https:\/\/agridata.ase.ro\/index.php?rest_route=\/wp\/v2\/users\/1"}],"replies":[{"embeddable":true,"href":"https:\/\/agridata.ase.ro\/index.php?rest_route=%2Fwp%2Fv2%2Fcomments&post=22"}],"version-history":[{"count":20,"href":"https:\/\/agridata.ase.ro\/index.php?rest_route=\/wp\/v2\/pages\/22\/revisions"}],"predecessor-version":[{"id":193,"href":"https:\/\/agridata.ase.ro\/index.php?rest_route=\/wp\/v2\/pages\/22\/revisions\/193"}],"wp:attachment":[{"href":"https:\/\/agridata.ase.ro\/index.php?rest_route=%2Fwp%2Fv2%2Fmedia&parent=22"}],"curies":[{"name":"wp","href":"https:\/\/api.w.org\/{rel}","templated":true}]}}