{"id":18,"date":"2023-10-27T15:27:30","date_gmt":"2023-10-27T15:27:30","guid":{"rendered":"https:\/\/agridata.ase.ro\/?page_id=18"},"modified":"2026-03-03T20:19:59","modified_gmt":"2026-03-03T20:19:59","slug":"noutati","status":"publish","type":"page","link":"https:\/\/agridata.ase.ro\/?page_id=18","title":{"rendered":"Nout\u0103\u021bi"},"content":{"rendered":"\n<h2 class=\"wp-block-heading\">CBE JU Info Day in Romania 2026<\/h2>\n\n\n\n<ul class=\"wp-block-list\">\n<li>C\u00e2nd: 17 martie 2026<\/li>\n\n\n\n<li>Interval orar: 9:30-16:30<\/li>\n\n\n\n<li>Unde: \u00a0Universitatea Tehnic\u0103 de Construc\u021bii Bucure\u0219ti (UTCB), Bulevardul Lacul Tei nr. 122 &#8211;\u00a0124, Bucure\u0219ti<\/li>\n\n\n\n<li>Detalii complete:\u00a0<a href=\"https:\/\/www.ncp.uefiscdi.ro\/event-details-registration\/cbe-ju-info-day-in-romania-2026\">https:\/\/www.ncp.uefiscdi.ro\/event-details-registration\/cbe-ju-info-day-in-romania-2026<\/a><\/li>\n<\/ul>\n\n\n\n<h2 class=\"wp-block-heading\">EU MISSIONS INFO DAYS 2025<\/h2>\n\n\n\n<ul class=\"wp-block-list\">\n<li>C\u00e2nd: 22 mai 2025<\/li>\n\n\n\n<li>Interval orar: 10:30 (GMT + 03:00)<\/li>\n\n\n\n<li>Unde: online<\/li>\n\n\n\n<li>Detalii complete:&nbsp;<a href=\"https:\/\/research-innovation-community.ec.europa.eu\/events\/2ZvkNXyGsLoGBfC8CtVcJt\/overview\" target=\"_blank\" rel=\"noreferrer noopener\">https:\/\/research-innovation-community.ec.europa.eu\/events\/2ZvkNXyGsLoGBfC8CtVcJt\/overview<\/a><\/li>\n\n\n\n<li>Platform\u0103 de brokeraj: N\/A<\/li>\n<\/ul>\n\n\n\n<h2 class=\"wp-block-heading\">CL6 Info Day 2025<\/h2>\n\n\n\n<ul class=\"wp-block-list\">\n<li>C\u00e2nd: 20 \u2013 21 mai 2025<\/li>\n\n\n\n<li>Interval orar: 09:00 \u2013 18:00 CET<\/li>\n\n\n\n<li>Unde: online<\/li>\n\n\n\n<li>Detalii complete:&nbsp;<a href=\"https:\/\/research-innovation-community.ec.europa.eu\/events\/6lLZRxTBKVsWnjEtjwhVyl\/overview\" target=\"_blank\" rel=\"noreferrer noopener\">https:\/\/research-innovation-community.ec.europa.eu\/events\/6lLZRxTBKVsWnjEtjwhVyl\/overview<\/a><\/li>\n\n\n\n<li>Platform\u0103 de brokeraj: disponibil\u0103 cur\u00e2nd (revenim cu detalii)<\/li>\n<\/ul>\n\n\n\n<h2 class=\"wp-block-heading\">CBE JU INFO DAY 2025<\/h2>\n\n\n\n<ul class=\"wp-block-list\">\n<li>C\u00e2nd: 3 aprilie 2025<\/li>\n\n\n\n<li>Interval orar: 08:00 \u2013 17:00 (Brussels time)<\/li>\n\n\n\n<li>Unde: Bruxelles \u0219i online<\/li>\n\n\n\n<li>Detalii complete:&nbsp;<a href=\"https:\/\/www.cbe.europa.eu\/events\/cbe-ju-info-day-2025\" target=\"_blank\" rel=\"noreferrer noopener\">https:\/\/www.cbe.europa.eu\/events\/cbe-ju-info-day-2025<\/a><\/li>\n\n\n\n<li>Platform\u0103 de brokeraj:&nbsp;<a href=\"https:\/\/www.cbe.europa.eu\/networking-platform\" target=\"_blank\" rel=\"noreferrer noopener\">https:\/\/www.cbe.europa.eu\/networking-platform<\/a><\/li>\n<\/ul>\n\n\n\n<h2 class=\"wp-block-heading\"><strong>Re\u021beaua CLUSTER 6<\/strong><\/h2>\n\n\n\n<ul class=\"wp-block-list\">\n<li><strong>Instrumente \u0219i resurse<\/strong>\n<ul class=\"wp-block-list\">\n<li>A fost lansat un nou hub european, denumit&nbsp;<strong><em>EU biotech and biomanufacturing hub<\/em><\/strong>, ce ofer\u0103 instrumente \u0219i resurse necesare dezvolt\u0103rii start-up-urilor, IMM-urilor sau companiilor \u00een domenii precum medicin\u0103 uman\u0103 \u0219i veterinar\u0103, siguran\u021b\u0103 alimentar\u0103,&nbsp;alimente \u0219i furaje modificate genetic, etc.<\/li>\n\n\n\n<li>Pentru informa\u021bii complete, v\u0103 rog s\u0103 consulta\u021bi link-ul postat&nbsp;<a href=\"https:\/\/europa.eu\/youreurope\/business\/running-business\/developing-business\/biotech\/index_en.htm\" target=\"_blank\" rel=\"noreferrer noopener\"><strong>aici<\/strong><\/a>.<\/li>\n<\/ul>\n<\/li>\n<\/ul>\n\n\n\n<p><\/p>\n\n\n\n<ul class=\"wp-block-list\">\n<li><strong>PREMIERE Brokerage Event: Your gateway to Horizon Europe multi-actor cluster 6 opportunities<\/strong>\n<ul class=\"wp-block-list\">\n<li>Evenimentul&nbsp;este conceput pentru a sprijini poten\u021bialii solicitan\u021bi \u00een preg\u0103tirea de&nbsp;propuneri de proiecte competitive \u00een acord cu priorit\u0103\u021bile&nbsp;Clusterului&nbsp;6. Evenimentul va oferi perspective valoroase asupra cerin\u021belor \u0219i criteriului de evaluare&nbsp;<em><strong>Multi-Actor Approach (MAA)<\/strong><\/em>, precum \u0219i oportunit\u0103\u021bi de networking.<\/li>\n\n\n\n<li><strong>C\u00e2nd<\/strong>:&nbsp;26 februarie 2025;&nbsp;\u00een intervalul 10:00 &#8211; 12:00 CET<\/li>\n\n\n\n<li><strong>Unde<\/strong>: online, pe platforma&nbsp;Brella<\/li>\n\n\n\n<li><strong>Link detalii <\/strong>\u0219i \u00eenscriere:&nbsp;<a href=\"https:\/\/premiere-multiactor.eu\/26-02-2025-participate-to-our-brokerage-event-for-building-and-joining-multi-actor-project-proposals\/\" target=\"_blank\" rel=\"noreferrer noopener\"><strong>aici<\/strong><\/a><br><\/li>\n<\/ul>\n<\/li>\n\n\n\n<li><strong>Finding the \u201cright partners\u201d for your Horizon Europe multi-actor project<\/strong>\n<ul class=\"wp-block-list\">\n<li>Proiectul PREMIERE va g\u0103zdui un webinar-cheie pentru a sprijini coordonatorii de proiecte Horizon Europe \u00een g\u0103sirea partenerilor potrivi\u021bi. Aspectele ce vor fi prezentate sunt urm\u0103toarele:<\/li>\n\n\n\n<li>(1)&nbsp;\u00cen\u021belegerea textului apelului; Utilizarea re\u021belelor \u0219i platformelor menite construirii de consor\u021bii;<\/li>\n\n\n\n<li>(2)&nbsp;Provoc\u0103ri \u0219i bune practici \u00een identificarea&nbsp;\u0219i&nbsp;implicarea&nbsp;partenerilor potrivi\u021bi pentru propunerile de proiecte multi-actor;<\/li>\n\n\n\n<li>(3) Utilizarea unei platforme online de brokeraj \u0219i match-making.<\/li>\n\n\n\n<li><strong>C\u00e2nd<\/strong>:&nbsp;27 februarie 2025;&nbsp;\u00een intervalul 10:00 &#8211; 11:30 CET<\/li>\n\n\n\n<li>Detalii \u0219i \u00eenregistrare:&nbsp;<a href=\"https:\/\/premiere-multiactor.eu\/register-to-our-webinar-dedicated-to-finding-partners-for-horizon-multi-actor-proposals\/\" target=\"_blank\" rel=\"noreferrer noopener\"><strong>aici<\/strong><\/a><\/li>\n<\/ul>\n<\/li>\n<\/ul>\n\n\n\n<p><\/p>\n\n\n\n<ul class=\"wp-block-list\">\n<li><strong>Circular Bio-based Europe Joint Undertaking&nbsp;Info Day 2025<\/strong>\n<ul class=\"wp-block-list\">\n<li><strong>Au \u00eenceput&nbsp;\u00eenscrierile pentru evenimentul de informare dedicat apelurilor CBE JU&nbsp;din 2025.<\/strong><\/li>\n\n\n\n<li>Pute\u021bi consulta lista de apeluri at\u00e2t pe site-ul CBE JU (<a href=\"https:\/\/www.cbe.europa.eu\/open-calls-proposals\" target=\"_blank\" rel=\"noreferrer noopener\"><strong>aici<\/strong><\/a>), c\u00e2t \u0219i \u00een cadrul Programului de lucru ata\u0219at la acest email.<\/li>\n\n\n\n<li><\/li>\n\n\n\n<li><strong>C\u00e2nd <\/strong>va avea loc evenimentul:&nbsp;3 aprilie 2025<\/li>\n\n\n\n<li><strong>Unde<\/strong>: Bruxelles<\/li>\n\n\n\n<li><strong>Detalii <\/strong>\u0219i \u00eenregistrare (incluz\u00e2nd platforma de brokeraj):&nbsp;<a href=\"https:\/\/www.cbe.europa.eu\/news\/registration-opens-cbe-ju-info-day-2025\" target=\"_blank\" rel=\"noreferrer noopener\"><strong>aici<\/strong><\/a><\/li>\n<\/ul>\n<\/li>\n<\/ul>\n\n\n\n<p><\/p>\n\n\n\n<ul class=\"wp-block-list\">\n<li><strong><strong>Conferin\u021ba Anual\u0103 pentru Bioeconomie BIOEAST (2025)<\/strong><\/strong>\n<ul class=\"wp-block-list\">\n<li>Conferin\u021ba anual\u0103 pentru bioeconomie organizat\u0103 de c\u0103tre&nbsp;<strong><em>BIOEAST<\/em><\/strong>&nbsp;va avea loc \u00een acest an&nbsp;la&nbsp;Bucure\u0219ti, \u00een perioada&nbsp;9 &#8211; 10 aprilie 2025.&nbsp;<\/li>\n\n\n\n<li>Acest eveniment&nbsp;se va concentra pe \u00eembun\u0103t\u0103\u021birea priorit\u0103\u021bilor macroregionale de cercetare \u0219i inovare pentru&nbsp;Europa Central\u0103 \u0219i de Est,&nbsp;oferind&nbsp;totodat\u0103 exper\u021bilor europeni&nbsp;un bun context de a participa la discu\u021bii \u0219i sesiuni tematice interactive legate de viitorul cercet\u0103rii bioeconomiei \u00een aceast\u0103 regiune.<\/li>\n\n\n\n<li><strong>Ce este BIOEAST? -&gt;&nbsp;<\/strong><strong>Ini\u021biativa Europei Centrale \u0219i de Est pentru Agricultur\u0103, Silvicultur\u0103 \u0219i Acvacultur\u0103 \u00een Bioeconomie<\/strong><\/li>\n\n\n\n<li><strong>C\u00e2nd \u0219i unde<\/strong>:&nbsp;9&nbsp;&#8211;&nbsp;10 aprilie 2025, \u00een Bucure\u0219ti&nbsp;(la Academia de \u0218tiin\u021be Agricole \u0219i Silvice &#8211; ASAS)<\/li>\n\n\n\n<li><strong>Detalii <\/strong>agend\u0103 \u0219i \u00eenregistrare:&nbsp;<strong><a href=\"https:\/\/bioeast.eu\/events-cal\/join-us-at-the-annual-bioeast-bioeconomy-conference-2025\/\" target=\"_blank\" rel=\"noreferrer noopener\">aici<\/a><\/strong><\/li>\n<\/ul>\n<\/li>\n<\/ul>\n\n\n\n<p><\/p>\n\n\n\n<ul class=\"wp-block-list\">\n<li><strong>FOODPathS Festival: Building tomorrow\u2019s Sustainable Food Systems together<\/strong>\n<ul class=\"wp-block-list\">\n<li>Parteneriatul european<strong><em>&nbsp;FOODPathS<\/em><\/strong>&nbsp;organizeaz\u0103 \u00een perioada 20 &#8211; 22 mai 2025 un eveniment fizic \u00een domeniul sistemelor alimentare durabile, \u00een cadrul c\u0103ruia se vor discuta aspecte legate de modele de guvernan\u021b\u0103, mecanisme de finan\u021bare \u0219i priorit\u0103\u021bi \u00een materie de cercetare \u0219i inovare.<\/li>\n\n\n\n<li><\/li>\n\n\n\n<li>Evenimentul&nbsp;se adreseaz\u0103&nbsp;factorilor&nbsp;de decizie politic\u0103, finan\u021batorilor, cercet\u0103torilor \u0219i&nbsp;reprezentan\u021bilor societ\u0103\u021bii civile.<\/li>\n\n\n\n<li>C\u00e2nd \u0219i unde:&nbsp;20 &#8211; 22 mai 2025, \u00een Bruxelles<\/li>\n\n\n\n<li>Detalii complete:&nbsp;<a href=\"https:\/\/www.foodpaths.eu\/event\/foodpaths-festival-building-tomorrows-sustainable-food-systems-together\/\" target=\"_blank\" rel=\"noreferrer noopener\"><strong>aici<\/strong><\/a><\/li>\n<\/ul>\n<\/li>\n<\/ul>\n\n\n\n<h2 class=\"wp-block-heading\">CL6 Info Day 2024 I CBE JU 2024 calls<\/h2>\n\n\n\n<ul class=\"wp-block-list\">\n<li>Un nou eveniment de informare va avea loc miercuri,&nbsp;12 iunie 2024, \u00een contextul noilor priorit\u0103\u021bi \u0219i&nbsp;apeluri Circular Bio-based Europe Joint Undertaking 2024. Evenimentul este organizat \u00een colaborare cu reprezentan\u021bii Circular Bio-based Joint Undertaking (CBE JU) \u0219i Bio-based Industries Consortium (BIC). Vor fi prezentate priorit\u0103\u021bile \u0219i apelurile CBE JU, condi\u021biile de eligibilitate \u0219i admisibilitate, dar \u0219i modul \u00een care se pot construi&nbsp;propuneri de proiecte de succes.&nbsp;CBE JU este un parteneriat de tip Horizon Europe, \u00eentre Uniunea European\u0103 \u0219i organiza\u021bia Bio-based Industries Consortium,&nbsp;finan\u021b\u00e2nd&nbsp;proiecte care&nbsp;promoveaz\u0103 bioeconomia competitiv\u0103 pentru un viitor durabil. Parteneriatul este complementar cu Clusterul 6 \u0219i&nbsp;domeniile acestuia, dar \u0219i cu alte programe sau ini\u021biative europene.\n<ul class=\"wp-block-list\">\n<li><strong><em>Detaliile organizatorice<\/em><\/strong>\n<ul class=\"wp-block-list\">\n<li><strong>C\u00e2nd:<\/strong>&nbsp;Miercuri, 12 iunie, \u00een intervalul 11:00 &#8211; 13:00 (ora Bucure\u0219tiului)<\/li>\n\n\n\n<li><strong>Unde:<\/strong> Online (Zoom). Link-ul de acces va fi trimis cu o zi \u00eenainte de eveniment.<\/li>\n\n\n\n<li><strong>Invita\u021bi:<\/strong> Virginia Puzzolo,&nbsp;CBE JU, Head of Programme Unit; Samuele Ambrosetti, BIC, Innovation and Programming manager<\/li>\n\n\n\n<li><strong>Grup \u021bint\u0103:<\/strong>&nbsp;universit\u0103\u021bi \u0219i institute de cercetare, autorit\u0103\u021bi publice, ONG-uri, companii \u0219i IMM-uri, alte categorii de actori interesa\u021bi<\/li>\n\n\n\n<li><strong>Detalii privind cele dou\u0103&nbsp;organiza\u021bii:<\/strong><\/li>\n\n\n\n<li>CBE JU:&nbsp;<a href=\"https:\/\/www.cbe.europa.eu\/\" target=\"_blank\" rel=\"noreferrer noopener\">https:\/\/www.cbe.europa.eu\/<\/a><\/li>\n\n\n\n<li>BIC:&nbsp;<a href=\"https:\/\/biconsortium.eu\/\" target=\"_blank\" rel=\"noreferrer noopener\">https:\/\/biconsortium.eu\/<\/a><\/li>\n\n\n\n<li>Pentru a putea participa, este necesar\u0103 \u00eenregistrarea dumneavoastr\u0103 la urm\u0103torul link:&nbsp;<a href=\"https:\/\/www.ncp.uefiscdi.ro\/event-details-registration\/cbe-ju-info-day-in-romania\" target=\"_blank\" rel=\"noreferrer noopener\">https:\/\/www.ncp.uefiscdi.ro\/event-details-registration\/cbe-ju-info-day-in-romania<\/a><\/li>\n<\/ul>\n<\/li>\n<\/ul>\n<\/li>\n<\/ul>\n\n\n\n<h2 class=\"wp-block-heading\">Apelurile CBE JU<\/h2>\n\n\n\n<ul class=\"wp-block-list\">\n<li>Apelurile CBE JU 2024, programul de lucru \u0219i anexele pot fi identificate pe urm\u0103torul site:&nbsp;<a href=\"https:\/\/www.cbe.europa.eu\/open-calls-proposals\" target=\"_blank\" rel=\"noreferrer noopener\">https:\/\/www.cbe.europa.eu\/open-calls-proposals<\/a><\/li>\n<\/ul>\n\n\n\n<h2 class=\"wp-block-heading\">Granturi de c\u0103l\u0103torie la Bruxelles<\/h2>\n\n\n\n<ul class=\"wp-block-list\">\n<li>Pe data de 23 aprilie 2024 va avea loc un Info Day, la Bruxelles, cu privire la apelurile CBE JU (detalii mai sus), eveniment \u00een cadrul c\u0103ruia v\u0103 pute\u021bi identifica \u0219i parteneri pentru propunerile de proiect.&nbsp;<\/li>\n\n\n\n<li>Evenimentul a fost \u00eencadrat \u0219i la categoria de brokeraj, fapt pentru care Rom\u00e2nia beneficiaz\u0103 de granturi de c\u0103l\u0103torie la acest eveniment, \u00een baza&nbsp;sprijinului oferit de re\u021beaua&nbsp;WIDERA NET.&nbsp;<\/li>\n\n\n\n<li>\u00censcrierile sunt necesare aici:&nbsp;<a href=\"https:\/\/www.cbe.europa.eu\/news\/register-cbe-ju-info-day-2024\" target=\"_blank\" rel=\"noreferrer noopener\">https:\/\/www.cbe.europa.eu\/news\/register-cbe-ju-info-day-2024<\/a><\/li>\n\n\n\n<li><strong>Procedura privind ob\u021binerea granturilor de c\u0103l\u0103torie<\/strong> poate fi accesat\u0103 la:&nbsp; <a href=\"https:\/\/www.ncp.uefiscdi.ro\/travel-grants\" target=\"_blank\" rel=\"noreferrer noopener\">https:\/\/www.ncp.uefiscdi.ro\/travel-grants<\/a><\/li>\n<\/ul>\n\n\n\n<h2 class=\"wp-block-heading\">Promotion of Agricultural Products<\/h2>\n\n\n\n<ul class=\"wp-block-list\">\n<li>Info Days 2024, 31 ianuarie \u2013 1 februarie<\/li>\n\n\n\n<li><a href=\"https:\/\/rea.ec.europa.eu\/events\/promotion-agricultural-products-info-days-2024-2024-01-31_en\" target=\"_blank\" rel=\"noreferrer noopener\">https:\/\/rea.ec.europa.eu\/events\/promotion-agricultural-products-info-days-2024-2024-01-31_en<\/a><\/li>\n<\/ul>\n\n\n\n<h2 class=\"wp-block-heading\">Rural Toolkit<\/h2>\n\n\n\n<ul class=\"wp-block-list\">\n<li>6 februarie 2024:&nbsp;<a href=\"https:\/\/joint-research-centre.ec.europa.eu\/events\/rural-toolkit-launch-event-2024-02-06_en\" target=\"_blank\" rel=\"noreferrer noopener\">https:\/\/joint-research-centre.ec.europa.eu\/events\/rural-toolkit-launch-event-2024-02-06_en<\/a><\/li>\n<\/ul>\n\n\n\n<h2 class=\"wp-block-heading\">Exploring Synergies between EU Missions and European Partnerships<\/h2>\n\n\n\n<ul class=\"wp-block-list\">\n<li>7 februarie 2024, fizic: https:\/\/www.cbe.europa.eu\/events\/exploring-synergies-between-eu-missions-and-european-partnerships<\/li>\n<\/ul>\n\n\n\n<h2 class=\"wp-block-heading\">EU-FarmBook Platform Pre-Launch<\/h2>\n\n\n\n<ul class=\"wp-block-list\">\n<li>8 februarie: https:\/\/eu-cap-network.ec.europa.eu\/events\/eu-farmbook-platform-pre-launch-exclusive-online-event_en<\/li>\n<\/ul>\n\n\n\n<h2 class=\"wp-block-heading\">Webinarul ECOSYSTEX<\/h2>\n\n\n\n<ul class=\"wp-block-list\">\n<li>9 februarie 2024: https:\/\/lnkd.in\/gptNz__z<\/li>\n<\/ul>\n\n\n\n<h2 class=\"wp-block-heading\">EU CAP Network Seminar \u2018Skills and lifelong learning for agricultural advisory and training service providers\u2019<\/h2>\n\n\n\n<ul class=\"wp-block-list\">\n<li>21 &#8211; 22 februarie, fizic: https:\/\/eu-cap-network.ec.europa.eu\/events\/eu-cap-network-seminar-skills-and-lifelong-learning-agricultural-advisory-and-training_en<\/li>\n<\/ul>\n\n\n\n<h2 class=\"wp-block-heading\">Mission \u201cRestore our Ocean and Waters by 2030\u201d Annual Forum: towards 2030<\/h2>\n\n\n\n<ul class=\"wp-block-list\">\n<li>5 martie, fizic: https:\/\/research-and-innovation.ec.europa.eu\/events\/upcoming-events\/mission-restore-our-ocean-and-waters-2030-annual-forum-towards-2030-2024-03-05_en<\/li>\n<\/ul>\n\n\n\n<h2 class=\"wp-block-heading\">Annual BIOEAST Bioeconomy Conference (2024)<\/h2>\n\n\n\n<ul class=\"wp-block-list\">\n<li>6 &#8211; 7 martie 2024, fizic: https:\/\/bioeast.eu\/events\/save-the-date-annual-bioeast-bioeconomy-conference-6-7-march-2024\/<\/li>\n<\/ul>\n\n\n\n<h2 class=\"wp-block-heading\">EU CAP Network Workshop \u2018Circular water management\u2019 <\/h2>\n\n\n\n<ul class=\"wp-block-list\">\n<li>12 &#8211; 13 martie, fizic: https:\/\/eu-cap-network.ec.europa.eu\/events\/eu-cap-network-workshop-circular-water-management_en<\/li>\n<\/ul>\n\n\n\n<h2 class=\"wp-block-heading\">Research and Innovation Week<\/h2>\n\n\n\n<ul class=\"wp-block-list\">\n<li>18 \u2013 21 martie, fizic: https:\/\/research-and-innovation.ec.europa.eu\/events\/research-and-innovation-week_en<\/li>\n<\/ul>\n\n\n\n<h2 class=\"wp-block-heading\">CBE JU Info Day 2024<\/h2>\n\n\n\n<ul class=\"wp-block-list\">\n<li> 23 aprilie 2024, fizic:&nbsp;<a href=\"https:\/\/www.cbe.europa.eu\/events\/cbe-ju-info-day-2024\" target=\"_blank\" rel=\"noreferrer noopener\">https:\/\/www.cbe.europa.eu\/events\/cbe-ju-info-day-2024<\/a><\/li>\n<\/ul>\n\n\n\n<h2 class=\"wp-block-heading\">Cluster 6: Alimente, bioeconomie, resurse naturale, agricultur\u0103 \u0219i mediu<\/h2>\n\n\n\n<p>Oportunit\u0103\u021bile de finan\u021bare Horizon Europe \u00een cadrul <strong>Clusterului 6: Alimente, bioeconomie, resurse naturale, agricultur\u0103 \u0219i mediu<\/strong><\/p>\n\n\n\n<p>Direc\u021biile de finan\u021bare prin Clusterul 6 sunt:<\/p>\n\n\n\n<ul class=\"wp-block-list\">\n<li><a href=\"https:\/\/ase.us21.list-manage.com\/track\/click?u=ad969129b2f07cb2a04dcceeb&amp;id=9057e74c8f&amp;e=421fa3c0c5\" target=\"_blank\" rel=\"noreferrer noopener\"><strong>Biodiversity and ecosystem services<\/strong><\/a><strong> <\/strong>(12 topics)e.g of topics.: Dependence of society and the economy on pollinators; Digital for nature; Natured-based solutions; Minor crops in farming systems; Selective breeding for organic aquaculture; Invasive alien species<\/li>\n\n\n\n<li><a href=\"https:\/\/ase.us21.list-manage.com\/track\/click?u=ad969129b2f07cb2a04dcceeb&amp;id=12a335fa9d&amp;e=421fa3c0c5\" target=\"_blank\" rel=\"noreferrer noopener\"><strong>Fair, healthy and environmentally friendly food systems from primary production to consumption<\/strong><\/a> (18 topics)e.g. of topics: Food waste prevention; food safety; tackling food fraud; agro-pastoral\/outdoor livestock systems and wildlife management; sustainable organic food; EU-African Union cooperation on agroforestry; resilient fisheries<\/li>\n\n\n\n<li><a href=\"https:\/\/ase.us21.list-manage.com\/track\/click?u=ad969129b2f07cb2a04dcceeb&amp;id=c55ca7466c&amp;e=421fa3c0c5\" target=\"_blank\" rel=\"noreferrer noopener\"><strong>Circular economy and\u202fbioeconomy\u202fsectors<\/strong><\/a>\u202f (16 topics)e.g of topcis:&nbsp;Increasing the circularity in electronics, plastics and textiles value chains; Innovative circular solutions for furniture<\/li>\n\n\n\n<li><a href=\"https:\/\/ase.us21.list-manage.com\/track\/click?u=ad969129b2f07cb2a04dcceeb&amp;id=2b6a17c70c&amp;e=421fa3c0c5\" target=\"_blank\" rel=\"noreferrer noopener\"><strong>Clean environment and zero pollution<\/strong><\/a>\u202f(5 topics)e.g. of topics: Environmental impacts of food systems; Holistic approaches to monitor water quality in urban areas<\/li>\n\n\n\n<li><a href=\"https:\/\/ase.us21.list-manage.com\/track\/click?u=ad969129b2f07cb2a04dcceeb&amp;id=de67fb0684&amp;e=421fa3c0c5\" target=\"_blank\" rel=\"noreferrer noopener\"><strong>Innovative governance, environmental observations and digital solutions in support of the Green Deal<\/strong><\/a>\u202f(12 topics)e.g. of topics: Developing EU advisory networks on forestry and sustainable livestock systems; Thematic networks on biodiversity and organic farming<\/li>\n\n\n\n<li><a href=\"https:\/\/ase.us21.list-manage.com\/track\/click?u=ad969129b2f07cb2a04dcceeb&amp;id=f72b05bcf5&amp;e=421fa3c0c5\" target=\"_blank\" rel=\"noreferrer noopener\"><strong>Land, oceans and water for climate action<\/strong><\/a> (7 topics)e.g. of topics: Paludiculture; irrigation practices and technologies in agriculture; climate-smart use of wood in the construction sector<\/li>\n<\/ul>\n\n\n\n<h2 class=\"wp-block-heading\">Webinar Multi-actor approach in Cluster 6 &#8211; Horizon Europe<\/h2>\n\n\n\n<p>Evenimentul&nbsp;<strong>\u201cMulti-actor approach in Cluster 6 &#8211; Horizon Europe\u201d<\/strong> va fi organizat pe data de 16 noiembrie 2023, \u00eencep\u00e2nd cu ora 10:00 de c\u0103tre NCP@UEFISCDI.&nbsp;<\/p>\n\n\n\n<p>Evenimentul \u201cMulti-actor approach in Cluster 6 &#8211; Horizon Europe\u201d aduce la un loc mai mul\u021bi actori relevan\u021bi \u00een domeniile Clusterului 6, cu scopul de a prezenta aspectele-cadru privind integrarea acestor actori \u00een propunerile de proiect CL6, totodat\u0103 \u0219i de a identifica puncte comune de colaborare.&nbsp;Mai multe detalii pute\u021bi g\u0103si la urm\u0103torul link:&nbsp;<a href=\"https:\/\/www.ncp.uefiscdi.ro\/event-details-registration\/webinar-on-multi-actor-approach-in-cluster-6-horizon-europe\" rel=\"noreferrer noopener\" target=\"_blank\">https:\/\/www.ncp.uefiscdi.ro\/event-details-registration\/webinar-on-multi-actor-approach-in-cluster-6-horizon-europe<\/a><\/p>\n\n\n\n<p>Abordarea multi-actor este o cerin\u021b\u0103 obligatorie \u00een numeroase apeluri de proiect CL6.<\/p>\n","protected":false},"excerpt":{"rendered":"<p>CBE JU Info Day in Romania 2026 EU MISSIONS INFO DAYS 2025 CL6 Info Day 2025 CBE JU INFO DAY 2025 Re\u021beaua CLUSTER 6 CL6 Info Day 2024 I CBE JU 2024 calls Apelurile CBE JU Granturi de c\u0103l\u0103torie la Bruxelles Promotion of Agricultural Products Rural Toolkit Exploring Synergies between EU Missions and European Partnerships &hellip; <\/p>\n<p class=\"link-more\"><a href=\"https:\/\/agridata.ase.ro\/?page_id=18\" class=\"more-link\">Continue reading<span class=\"screen-reader-text\"> &#8220;Nout\u0103\u021bi&#8221;<\/span><\/a><\/p>\n","protected":false},"author":1,"featured_media":0,"parent":0,"menu_order":0,"comment_status":"closed","ping_status":"closed","template":"","meta":{"footnotes":""},"class_list":["post-18","page","type-page","status-publish","hentry"],"_links":{"self":[{"href":"https:\/\/agridata.ase.ro\/index.php?rest_route=\/wp\/v2\/pages\/18","targetHints":{"allow":["GET"]}}],"collection":[{"href":"https:\/\/agridata.ase.ro\/index.php?rest_route=\/wp\/v2\/pages"}],"about":[{"href":"https:\/\/agridata.ase.ro\/index.php?rest_route=\/wp\/v2\/types\/page"}],"author":[{"embeddable":true,"href":"https:\/\/agridata.ase.ro\/index.php?rest_route=\/wp\/v2\/users\/1"}],"replies":[{"embeddable":true,"href":"https:\/\/agridata.ase.ro\/index.php?rest_route=%2Fwp%2Fv2%2Fcomments&post=18"}],"version-history":[{"count":20,"href":"https:\/\/agridata.ase.ro\/index.php?rest_route=\/wp\/v2\/pages\/18\/revisions"}],"predecessor-version":[{"id":200,"href":"https:\/\/agridata.ase.ro\/index.php?rest_route=\/wp\/v2\/pages\/18\/revisions\/200"}],"wp:attachment":[{"href":"https:\/\/agridata.ase.ro\/index.php?rest_route=%2Fwp%2Fv2%2Fmedia&parent=18"}],"curies":[{"name":"wp","href":"https:\/\/api.w.org\/{rel}","templated":true}]}}