{"id":16,"date":"2023-10-27T15:26:43","date_gmt":"2023-10-27T15:26:43","guid":{"rendered":"https:\/\/agridata.ase.ro\/?page_id=16"},"modified":"2023-10-27T17:51:16","modified_gmt":"2023-10-27T17:51:16","slug":"despre","status":"publish","type":"page","link":"https:\/\/agridata.ase.ro\/","title":{"rendered":"Despre"},"content":{"rendered":"\n<p>Centrul AGRIDATA abordeaz\u0103 subiecte precum politici agricole, analize de pia\u021b\u0103, eficien\u021ba resurselor, sustenabilitatea economic\u0103 a organiza\u021biilor agroalimentare \u0219i alte aspecte relevante pentru adoptarea deciziilor \u00een domeniul agroalimentar.<\/p>\n\n\n\n<p>Direc\u021bii de activitate:<\/p>\n\n\n\n<ul class=\"wp-block-list\">\n<li>realizarea de analize economice pe lan\u021bul agroalimentar, evaluarea impactului politicilor asupra sectorului agricol \u0219i economiei \u00een ansamblu, evaluarea impactului m\u0103surilor guvernamentale \u0219i a reglement\u0103rilor asupra produc\u021biei agricole, comercializ\u0103rii, proces\u0103rii, depozit\u0103rii, precum \u0219i a veniturilor organiza\u021biilor;<\/li>\n\n\n\n<li>eficien\u021ba resurselor \u0219i gestionarea financiar\u0103 \u00een agricultur\u0103 \u0219i industria agroalimentar\u0103, efectuarea de cercet\u0103ri \u0219i analize privind utilizarea eficient\u0103 a resurselor \u00een exploata\u021biile agricole, optimizarea gestiunii financiare a fermelor, inclusiv evaluarea rentabilit\u0103\u021bii, analiza costurilor \u0219i a veniturilor, precum \u0219i planificarea investi\u021biilor \u00een organiza\u021biile agroalimentare;<\/li>\n\n\n\n<li>modelarea economic\u0103 \u00een sectorul agroalimentar, dezvoltarea de modele economice \u0219i instrumente de prognozare pentru a evalua evolu\u021bia sectorului agricol \u0219i a prevedea tendin\u021bele economice viitoare, analiza riscurilor, planificarea afacerilor agricole \u0219i luarea deciziilor bazate pe date economice;<\/li>\n\n\n\n<li>elaborarea unor strategii de dezvoltare regional\u0103 \u0219i rural\u0103, care s\u0103 vizeze cre\u0219terea economic\u0103, \u00eembun\u0103t\u0103\u021birea infrastructurii, reducerea s\u0103r\u0103ciei, protec\u021bia mediului, \u00een colaborare cu autorit\u0103\u021bile locale, organiza\u021biile societ\u0103\u021bii civile \u0219i alte p\u0103r\u021bi interesate.<\/li>\n\n\n\n<li>transferul de cuno\u0219tin\u021be \u0219i diseminarea informa\u021biilor prin organizarea de evenimente, workshop-uri \u0219i seminarii pentru a \u00eemp\u0103rt\u0103\u0219i cuno\u0219tin\u021be \u0219i experien\u021be \u00een inovarea agroalimentar\u0103; facilitarea comunic\u0103rii \u00eentre diferite p\u0103r\u021bi interesate, cum ar fi cercet\u0103tori, fermieri, antreprenori \u0219i institu\u021bii guvernamentale;<\/li>\n\n\n\n<li>furnizarea de servicii de consultan\u021b\u0103 \u00een economia agricol\u0103 \u0219i transfer de cuno\u0219tin\u021be c\u0103tre fermieri, organiza\u021bii agroalimentare \u0219i factori de decizie politic\u0103, analize economice personalizate, sfaturi de gestionare \u0219i informa\u021bii privind cele mai bune practici \u0219i politici agricole;<\/li>\n\n\n\n<li>sprijinirea gestion\u0103rii afacerilor agroalimentare prin extensie agricol\u0103 care poate oferi suport \u00een planificarea financiar\u0103, evaluarea costurilor \u0219i beneficiilor, marketingul produselor agricole \u0219i identificarea oportunit\u0103\u021bilor de pia\u021b\u0103;<\/li>\n\n\n\n<li>identificarea unor tehnologii inovatoare \u0219i adaptarea acestora la condi\u021biile \u0219i cerin\u021bele specifice ale regiunii sau comunit\u0103\u021bii locale; oferirea de training \u0219i asisten\u021b\u0103 tehnic\u0103 pentru adoptarea \u0219i utilizarea noilor tehnologii;<\/li>\n\n\n\n<li>desf\u0103\u0219urarea de activit\u0103\u021bi de transfer tehnologic, prin organizarea de cursuri, traininguri \u0219i workshop-uri pentru fermieri, precum \u0219i de educa\u021bie agricol\u0103, prin colaborare cu alte universit\u0103\u021bi \u0219i\/sau institu\u021bii de \u00eenv\u0103\u021b\u0103m\u00e2nt pentru formarea viitorilor profesioni\u0219ti \u00een domeniul agricol \u0219i industrie agroalimentar\u0103.<\/li>\n<\/ul>\n\n\n\n<p><\/p>\n\n\n\n<p><\/p>\n\n\n\n<p><strong>Contact<\/strong><\/p>\n\n\n\n<p>agridata@ase.ro<\/p>\n","protected":false},"excerpt":{"rendered":"<p>Centrul AGRIDATA abordeaz\u0103 subiecte precum politici agricole, analize de pia\u021b\u0103, eficien\u021ba resurselor, sustenabilitatea economic\u0103 a organiza\u021biilor agroalimentare \u0219i alte aspecte relevante pentru adoptarea deciziilor \u00een domeniul agroalimentar. Direc\u021bii de activitate: Contact agridata@ase.ro<\/p>\n","protected":false},"author":1,"featured_media":0,"parent":0,"menu_order":0,"comment_status":"closed","ping_status":"closed","template":"","meta":{"footnotes":""},"class_list":["post-16","page","type-page","status-publish","hentry"],"_links":{"self":[{"href":"https:\/\/agridata.ase.ro\/index.php?rest_route=\/wp\/v2\/pages\/16","targetHints":{"allow":["GET"]}}],"collection":[{"href":"https:\/\/agridata.ase.ro\/index.php?rest_route=\/wp\/v2\/pages"}],"about":[{"href":"https:\/\/agridata.ase.ro\/index.php?rest_route=\/wp\/v2\/types\/page"}],"author":[{"embeddable":true,"href":"https:\/\/agridata.ase.ro\/index.php?rest_route=\/wp\/v2\/users\/1"}],"replies":[{"embeddable":true,"href":"https:\/\/agridata.ase.ro\/index.php?rest_route=%2Fwp%2Fv2%2Fcomments&post=16"}],"version-history":[{"count":7,"href":"https:\/\/agridata.ase.ro\/index.php?rest_route=\/wp\/v2\/pages\/16\/revisions"}],"predecessor-version":[{"id":71,"href":"https:\/\/agridata.ase.ro\/index.php?rest_route=\/wp\/v2\/pages\/16\/revisions\/71"}],"wp:attachment":[{"href":"https:\/\/agridata.ase.ro\/index.php?rest_route=%2Fwp%2Fv2%2Fmedia&parent=16"}],"curies":[{"name":"wp","href":"https:\/\/api.w.org\/{rel}","templated":true}]}}